{"id":357,"date":"2013-08-13T14:22:46","date_gmt":"2013-08-13T12:22:46","guid":{"rendered":"http:\/\/fishnamsen.no\/?page_id=357"},"modified":"2013-08-13T14:44:59","modified_gmt":"2013-08-13T12:44:59","slug":"description-rivers","status":"publish","type":"page","link":"https:\/\/fishnamsen.no\/en\/description-rivers\/","title":{"rendered":"Description rivers"},"content":{"rendered":"<h4 class=\"subheader-en\">Namsen<\/h4>\n<p>The Namsen is famous for its big salmon, with fish weighing more than 20 kg being caught on it every year. Fishing by boat \u2013 known as harling \u2013 is customary, and both the boats and fishing methods used are very traditional. The fisherman can have several rods out at the same time while his private oarsman takes the boat downstream,<br \/>\nsteering from side to side of the river. The lower reaches of the river are relatively wide. Harling is most usual there, but many people also fish from the bank. The upper reaches are narrower and faster flowing. Fishing from the bank is customary here, and there is a growing trend towards fly fishing from the bank in the river system. In the case of harling it is customary to use wobblers, spoon baits and the odd fly, whereas flies, spoon baits<br \/>\nand worms are used for fishing from the bank. The river system is around 210 km long with a catchment area of around 6,300 km\u00b2. The Namsen is Norway\u2019s twelfth longest river, and the river system is Norway\u2019s eighth largest in terms of catchment size. The average annual water flow at Bertnem in Overhalla is 240 m\u00b3\/sec, while at the mouth of the Namsen it is around 290 m\u00b3\/sec. The water flow and temperature are relatively stable, as the river system is controlled.<\/p>\n<h4 class=\"subheader-en\">Sandd\u00f8la<\/h4>\n<p>The Sandd\u00f8la is ideal for fly fishing from the bank, but there is harling on its lowest reaches. Nerh\u00f8la in T\u00f8mmer\u00e5sfoss is the only zone where harling is done to any extent. The average size of salmon is between 4 and 6 kg, slightly above the average for the rest of the Namsen.<br \/>\nThe Sandd\u00f8la is the largest tributary system flowing into the Namsen. Salmon ladders mean that salmon run all the way up to Bergfossen in Sandd\u00f8ladalen (at the foot of Lifjellet), a stretch of about 40 km.<br \/>\nThe river system is not controlled, so the water flow varies with rainfall. Large lakes in the upper reaches of the river system help to even out water levels.<\/p>\n<h4 class=\"subheader-en\">Bj\u00f8ra<\/h4>\n<p>The Bj\u00f8ra is famous for having the largest salmon of all the rivers in the Namsen river system, with the average weight being between 5 and 6 kg. Fishing is done both by boat and from the bank, but fly fishing from the bank is the most usual type of angling. The Bj\u00f8ra is also famous for its good sea trout fishing.<br \/>\nThe Bj\u00f8ra enters the Namsen just above the centre of Overhalla. It flows out of Lake Eidsvatnet, making the river itself a good 10 km long.<\/p>\n<h4 class=\"subheader-en\">H\u00f8yland river system<\/h4>\n<p>The H\u00f8yland river system includes the S\u00f8r\u00e5a, Eida, Nord\u00e5a, Flakkan and Fl\u00e5ttelva rivers. The first two are the most important fishing rivers. There are also three relatively large lakes in this river system: Eidsvatnet, Grongstadvatnet and \u00d8yvatnet. The water flow varies with rainfall, but the lakes help to even out fluctuations.<\/p>\n<h4 class=\"subheader-en\">Eida<\/h4>\n<p>The Eida is a very fast-flowing river of about 1 km in length that runs between Lake Eidsvatnet and Lake Grongstadvatnet. Most of the fishing is done from the bank with both spoon baits and flies.<\/p>\n<h4 class=\"subheader-en\">S\u00f8r\u00e5a<\/h4>\n<p>The S\u00f8r\u00e5a, including the Nordelva, is about 15 km long and lies slightly further up the river system than the Eida. Fishing is mainly done from the bank. Both spoon baits and flies are used, but the S\u00f8r\u00e5a is a very good fly river, and particularly fine for fishing with a one-handed fly rod perhaps.<br \/>\nThe average size of salmon on the S\u00f8r\u00e5a is between 4 and 5 kg. The speed of the water varies quite a bit.<\/p>\n<h3 class=\"subheader\">Other rivers around Namdalen<\/h3>\n<h4 class=\"subheader-en\">Bogna<\/h4>\n<p>The Bogna has substantial stocks of small salmon with an average weight of around 1.5 kg. The river runs through a varied landscape, making it still in some sections and very fast flowing in others.<br \/>\nAll fishing is done from the bank with a variety of tackle \u2013 flies, spoon baits or worms \u2013 depending on the conditions on the various parts of the river. The river system has a catchment area of around 463 km\u00b2 with a theoretical average water flow at the mouth of about 19 m\u00b3\/sec.<\/p>\n<p>The upper reaches of the river system are controlled for power generation, so fishing has to be adapted to the water conditions. Water flow varies with rainfall and there is reduced flow on the lower reaches of the river.<\/p>\n<p>Fishing licences are sold on several stretches of the river, including from Bangsund Trafikkstasjon, tlf: 47 7428 7444<\/p>\n<h4 class=\"subheader-en\">Aursunda<\/h4>\n<p>The Aursunda has good stocks of small salmon with an average weight of around 1.5 kg. The river has both still and very fast-flowing stretches, making it ideal for rod fishing with spinner and fly.<\/p>\n<p>The river system has a relatively stable water flow, so fishing is predictable during most of the salmon season. The river system has a catchment area of around 163 km\u00b2 with an average water flow at the mouth of about 6 m\u00b3\/sec.<\/p>\n<p>Fishing licences are sold on several stretches of the river, including from Bangsund Trafikkstasjon, tlf: 47 7428 7444<\/p>\n<h4 class=\"subheader-en\">\u00c5rg\u00e5rd River<\/h4>\n<p>The \u00c5rg\u00e5rd river system has copious stocks of small salmon with an average weight of around 1.5 kg. Parts of the salmon stretch are reserved for people who need organised fishing and these sections are sold together.<br \/>\nThe river system has a catchment area of around 540 km\u00b2 with an average water flow at the mouth of about 25 m\u00b3\/sec. Fishing is dependent on good water levels, which once again vary with rainfall.<br \/>\nFishing licences: Contact Fosslia Hytter og Laksefiske; Anne Britt and Arnstein Berg ( 47 7427 8309) or Willy Sverkmo ( 47 7427 8915) <\/p>\n<h4 class=\"subheader-en\">Lauvsnes River<\/h4>\n<p>The Lauvsnes river system is controlled for power generation, so only the lowest reaches downstream of Lauvsnes Power Station have salmon. This is a stretch of approximately 70 metres in the tidal zone. The river is suitable for fishing from the bank with spoon baits, spinners and worms.<br \/>\nThe Lauvsnes river system is in the Municipality of Flatanger and flows into the sea at Lauvsnes. It has a catchment area of 103 km\u00b2  with an average water flow at the mouth of about 4 m\u00b3\/sec.<\/p>\n<h4 class=\"subheader-en\">The Opl\u00f8 River <\/h4>\n<p>The Opl\u00f8 river system is about 60 km north of the Namsen. The good flow of water in the river means that it attracts a lot of salmon, including large fish. Although the fishable stretch of the river is only about 150 metres in length, between 100 and 200 salmon are caught annually, with the largest weighing as much as 15 kg.<br \/>\nThe entire fishable stretch is in the tidal zone, where several pools have been created.<br \/>\nThe river runs slowly at high tide, but puts on speed through the deep pools at low tide, providing good conditions for flies, spoon baits, spinners and worms.<br \/>\nThe river system has a catchment area of around 193 km\u00b2 with an average water flow at the mouth of about 12 m\u00b3\/sec.<br \/>\nFishing licenses can be purchased electronically on the web site <a href=\"http:\/\/www.jakt-og-fiske.no\/\" target=\"_blank\">www.jakt-og-fiske.no<\/a> For more information call UtmarksCompagniet 47 7428 7101.<\/p>\n<h4 class=\"subheader-en\">The Salen River System<\/h4>\n<p>This river system is characterised by its large lakes, Salsvatn and Skr\u00f8vstadvatn. It has salmon on the 30 km or so of its main stretch as far as Skr\u00f8vstadfossen, in addition to which several of its larger tributaries have salmon up to 10 km above Salsvatn.<br \/>\nThe salmon stocks in the Sals river system mainly consist of large numbers of small fish with an average weight of about 2 kg, but salmon weighing in excess of 10 kg are caught every year. The large lakes have substantial stocks of brown trout and char, which are also popular with anglers.<br \/>\nFishing is done from the bank with spoon baits, spinners and flies on all the tributaries, in addition to which it is possible to fish by boat on the large lakes.<br \/>\nThe river system has a catchment area of 425 km\u00b2, producing an average water flow at the mouth of about 23 m\u00b3\/sec.<br \/>\nFishing licenses can be purchased electronically on the web site <a href=\"http:\/\/www.jakt-og-fiske.no\/\" target=\"_blank\">www.jakt-og-fiske.no<\/a> For more information call UtmarksCompagniet 47 7428 7101.<\/p>\n","protected":false},"excerpt":{"rendered":"<p>Namsen The Namsen is famous for its big salmon, with fish weighing more than 20 kg being caught on it every year. Fishing by boat \u2013 known as harling \u2013 is customary, and both the boats and fishing methods used are very traditional. The fisherman can have several rods out at the same time while [&hellip;]<\/p>\n","protected":false},"author":1,"featured_media":0,"parent":0,"menu_order":0,"comment_status":"closed","ping_status":"closed","template":"","meta":{"_acf_changed":false,"_analytify_skip_tracking":false,"footnotes":""},"class_list":["post-357","page","type-page","status-publish","hentry"],"acf":[],"yoast_head":"<!-- This site is optimized with the Yoast SEO plugin v27.2 - https:\/\/yoast.com\/product\/yoast-seo-wordpress\/ -->\n<title>Description rivers - Namsen - elvenes dronning<\/title>\n<meta name=\"robots\" content=\"index, follow, max-snippet:-1, max-image-preview:large, max-video-preview:-1\" \/>\n<link rel=\"canonical\" href=\"https:\/\/fishnamsen.no\/en\/description-rivers\/\" \/>\n<meta property=\"og:locale\" content=\"en_US\" \/>\n<meta property=\"og:type\" content=\"article\" \/>\n<meta property=\"og:title\" content=\"Description rivers - Namsen - elvenes dronning\" \/>\n<meta property=\"og:description\" content=\"Namsen The Namsen is famous for its big salmon, with fish weighing more than 20 kg being caught on it every year. Fishing by boat \u2013 known as harling \u2013 is customary, and both the boats and fishing methods used are very traditional. The fisherman can have several rods out at the same time while [&hellip;]\" \/>\n<meta property=\"og:url\" content=\"https:\/\/fishnamsen.no\/en\/description-rivers\/\" \/>\n<meta property=\"og:site_name\" content=\"Namsen - elvenes dronning\" \/>\n<meta property=\"article:modified_time\" content=\"2013-08-13T12:44:59+00:00\" \/>\n<meta name=\"twitter:card\" content=\"summary_large_image\" \/>\n<meta name=\"twitter:label1\" content=\"Est. reading time\" \/>\n\t<meta name=\"twitter:data1\" content=\"7 minutes\" \/>\n<script type=\"application\/ld+json\" class=\"yoast-schema-graph\">{\"@context\":\"https:\/\/schema.org\",\"@graph\":[{\"@type\":\"WebPage\",\"@id\":\"https:\/\/fishnamsen.no\/en\/description-rivers\/\",\"url\":\"https:\/\/fishnamsen.no\/en\/description-rivers\/\",\"name\":\"Description rivers - Namsen - elvenes dronning\",\"isPartOf\":{\"@id\":\"https:\/\/fishnamsen.no\/#website\"},\"datePublished\":\"2013-08-13T12:22:46+00:00\",\"dateModified\":\"2013-08-13T12:44:59+00:00\",\"breadcrumb\":{\"@id\":\"https:\/\/fishnamsen.no\/en\/description-rivers\/#breadcrumb\"},\"inLanguage\":\"en-US\",\"potentialAction\":[{\"@type\":\"ReadAction\",\"target\":[\"https:\/\/fishnamsen.no\/en\/description-rivers\/\"]}]},{\"@type\":\"BreadcrumbList\",\"@id\":\"https:\/\/fishnamsen.no\/en\/description-rivers\/#breadcrumb\",\"itemListElement\":[{\"@type\":\"ListItem\",\"position\":1,\"name\":\"Hjem\",\"item\":\"https:\/\/fishnamsen.no\/en\/\"},{\"@type\":\"ListItem\",\"position\":2,\"name\":\"Description rivers\"}]},{\"@type\":\"WebSite\",\"@id\":\"https:\/\/fishnamsen.no\/#website\",\"url\":\"https:\/\/fishnamsen.no\/\",\"name\":\"Namsen - elvenes dronning\",\"description\":\"\",\"publisher\":{\"@id\":\"https:\/\/fishnamsen.no\/#organization\"},\"potentialAction\":[{\"@type\":\"SearchAction\",\"target\":{\"@type\":\"EntryPoint\",\"urlTemplate\":\"https:\/\/fishnamsen.no\/?s={search_term_string}\"},\"query-input\":{\"@type\":\"PropertyValueSpecification\",\"valueRequired\":true,\"valueName\":\"search_term_string\"}}],\"inLanguage\":\"en-US\"},{\"@type\":\"Organization\",\"@id\":\"https:\/\/fishnamsen.no\/#organization\",\"name\":\"Namsen - Elevens Dronning\",\"url\":\"https:\/\/fishnamsen.no\/\",\"logo\":{\"@type\":\"ImageObject\",\"inLanguage\":\"en-US\",\"@id\":\"https:\/\/fishnamsen.no\/#\/schema\/logo\/image\/\",\"url\":\"https:\/\/fishnamsen.no\/wp-content\/uploads\/2023\/08\/logo.png\",\"contentUrl\":\"https:\/\/fishnamsen.no\/wp-content\/uploads\/2023\/08\/logo.png\",\"width\":205,\"height\":224,\"caption\":\"Namsen - Elevens Dronning\"},\"image\":{\"@id\":\"https:\/\/fishnamsen.no\/#\/schema\/logo\/image\/\"}}]}<\/script>\n<!-- \/ Yoast SEO plugin. -->","yoast_head_json":{"title":"Description rivers - Namsen - elvenes dronning","robots":{"index":"index","follow":"follow","max-snippet":"max-snippet:-1","max-image-preview":"max-image-preview:large","max-video-preview":"max-video-preview:-1"},"canonical":"https:\/\/fishnamsen.no\/en\/description-rivers\/","og_locale":"en_US","og_type":"article","og_title":"Description rivers - Namsen - elvenes dronning","og_description":"Namsen The Namsen is famous for its big salmon, with fish weighing more than 20 kg being caught on it every year. Fishing by boat \u2013 known as harling \u2013 is customary, and both the boats and fishing methods used are very traditional. The fisherman can have several rods out at the same time while [&hellip;]","og_url":"https:\/\/fishnamsen.no\/en\/description-rivers\/","og_site_name":"Namsen - elvenes dronning","article_modified_time":"2013-08-13T12:44:59+00:00","twitter_card":"summary_large_image","twitter_misc":{"Est. reading time":"7 minutes"},"schema":{"@context":"https:\/\/schema.org","@graph":[{"@type":"WebPage","@id":"https:\/\/fishnamsen.no\/en\/description-rivers\/","url":"https:\/\/fishnamsen.no\/en\/description-rivers\/","name":"Description rivers - Namsen - elvenes dronning","isPartOf":{"@id":"https:\/\/fishnamsen.no\/#website"},"datePublished":"2013-08-13T12:22:46+00:00","dateModified":"2013-08-13T12:44:59+00:00","breadcrumb":{"@id":"https:\/\/fishnamsen.no\/en\/description-rivers\/#breadcrumb"},"inLanguage":"en-US","potentialAction":[{"@type":"ReadAction","target":["https:\/\/fishnamsen.no\/en\/description-rivers\/"]}]},{"@type":"BreadcrumbList","@id":"https:\/\/fishnamsen.no\/en\/description-rivers\/#breadcrumb","itemListElement":[{"@type":"ListItem","position":1,"name":"Hjem","item":"https:\/\/fishnamsen.no\/en\/"},{"@type":"ListItem","position":2,"name":"Description rivers"}]},{"@type":"WebSite","@id":"https:\/\/fishnamsen.no\/#website","url":"https:\/\/fishnamsen.no\/","name":"Namsen - elvenes dronning","description":"","publisher":{"@id":"https:\/\/fishnamsen.no\/#organization"},"potentialAction":[{"@type":"SearchAction","target":{"@type":"EntryPoint","urlTemplate":"https:\/\/fishnamsen.no\/?s={search_term_string}"},"query-input":{"@type":"PropertyValueSpecification","valueRequired":true,"valueName":"search_term_string"}}],"inLanguage":"en-US"},{"@type":"Organization","@id":"https:\/\/fishnamsen.no\/#organization","name":"Namsen - Elevens Dronning","url":"https:\/\/fishnamsen.no\/","logo":{"@type":"ImageObject","inLanguage":"en-US","@id":"https:\/\/fishnamsen.no\/#\/schema\/logo\/image\/","url":"https:\/\/fishnamsen.no\/wp-content\/uploads\/2023\/08\/logo.png","contentUrl":"https:\/\/fishnamsen.no\/wp-content\/uploads\/2023\/08\/logo.png","width":205,"height":224,"caption":"Namsen - Elevens Dronning"},"image":{"@id":"https:\/\/fishnamsen.no\/#\/schema\/logo\/image\/"}}]}},"_links":{"self":[{"href":"https:\/\/fishnamsen.no\/en\/wp-json\/wp\/v2\/pages\/357","targetHints":{"allow":["GET"]}}],"collection":[{"href":"https:\/\/fishnamsen.no\/en\/wp-json\/wp\/v2\/pages"}],"about":[{"href":"https:\/\/fishnamsen.no\/en\/wp-json\/wp\/v2\/types\/page"}],"author":[{"embeddable":true,"href":"https:\/\/fishnamsen.no\/en\/wp-json\/wp\/v2\/users\/1"}],"replies":[{"embeddable":true,"href":"https:\/\/fishnamsen.no\/en\/wp-json\/wp\/v2\/comments?post=357"}],"version-history":[{"count":0,"href":"https:\/\/fishnamsen.no\/en\/wp-json\/wp\/v2\/pages\/357\/revisions"}],"wp:attachment":[{"href":"https:\/\/fishnamsen.no\/en\/wp-json\/wp\/v2\/media?parent=357"}],"curies":[{"name":"wp","href":"https:\/\/api.w.org\/{rel}","templated":true}]}}